{"id":9938,"date":"2023-06-06T09:45:30","date_gmt":"2023-06-06T09:45:30","guid":{"rendered":"https:\/\/alfayazilim.com.tr\/agt\/?page_id=9938"},"modified":"2023-06-06T11:38:47","modified_gmt":"2023-06-06T11:38:47","slug":"aydinlarma-urunleri","status":"publish","type":"page","link":"https:\/\/www.agtenerjielektrik.com\/index.php\/urunlerimiz\/aydinlarma-urunleri\/","title":{"rendered":"Ayd\u0131nlanma \u00dcr\u00fcnleri"},"content":{"rendered":"\t\t<div data-elementor-type=\"wp-page\" data-elementor-id=\"9938\" class=\"elementor elementor-9938\">\n\t\t\t\t\t\t\t        <section class=\"elementor-section elementor-top-section elementor-element elementor-element-61acd9e elementor-section-boxed elementor-section-height-default elementor-section-height-default ct-header-fixed-none ct-column-none ct-row-scroll-none ct-row-gradient--none\" data-id=\"61acd9e\" data-element_type=\"section\">\n            \n                        <div class=\"elementor-container elementor-column-gap-default \">\n                    <div class=\"elementor-column elementor-col-100 elementor-top-column elementor-element elementor-element-a3cbd96 ct-column-none col-offset-none col-color-offset-none\" data-id=\"a3cbd96\" data-element_type=\"column\">\n            <div class=\"elementor-widget-wrap elementor-element-populated\">\n                        \t\t<div class=\"elementor-element elementor-element-01f3e9a elementor-widget elementor-widget-image-gallery\" data-id=\"01f3e9a\" data-element_type=\"widget\" data-widget_type=\"image-gallery.default\">\n\t\t\t\t<div class=\"elementor-widget-container\">\n\t\t\t<style>\/*! elementor - v3.13.2 - 11-05-2023 *\/\n.elementor-image-gallery .gallery-item{display:inline-block;text-align:center;vertical-align:top;width:100%;max-width:100%;margin:0 auto}.elementor-image-gallery .gallery-item img{margin:0 auto}.elementor-image-gallery .gallery-item .gallery-caption{margin:0}.elementor-image-gallery figure img{display:block}.elementor-image-gallery figure figcaption{width:100%}.gallery-spacing-custom .elementor-image-gallery .gallery-icon{padding:0}@media (min-width:768px){.elementor-image-gallery .gallery-columns-2 .gallery-item{max-width:50%}.elementor-image-gallery .gallery-columns-3 .gallery-item{max-width:33.33%}.elementor-image-gallery .gallery-columns-4 .gallery-item{max-width:25%}.elementor-image-gallery .gallery-columns-5 .gallery-item{max-width:20%}.elementor-image-gallery .gallery-columns-6 .gallery-item{max-width:16.666%}.elementor-image-gallery .gallery-columns-7 .gallery-item{max-width:14.28%}.elementor-image-gallery .gallery-columns-8 .gallery-item{max-width:12.5%}.elementor-image-gallery .gallery-columns-9 .gallery-item{max-width:11.11%}.elementor-image-gallery .gallery-columns-10 .gallery-item{max-width:10%}}@media (min-width:480px) and (max-width:767px){.elementor-image-gallery .gallery.gallery-columns-2 .gallery-item,.elementor-image-gallery .gallery.gallery-columns-3 .gallery-item,.elementor-image-gallery .gallery.gallery-columns-4 .gallery-item,.elementor-image-gallery .gallery.gallery-columns-5 .gallery-item,.elementor-image-gallery .gallery.gallery-columns-6 .gallery-item,.elementor-image-gallery .gallery.gallery-columns-7 .gallery-item,.elementor-image-gallery .gallery.gallery-columns-8 .gallery-item,.elementor-image-gallery .gallery.gallery-columns-9 .gallery-item,.elementor-image-gallery .gallery.gallery-columns-10 .gallery-item{max-width:50%}}@media (max-width:479px){.elementor-image-gallery .gallery.gallery-columns-2 .gallery-item,.elementor-image-gallery .gallery.gallery-columns-3 .gallery-item,.elementor-image-gallery .gallery.gallery-columns-4 .gallery-item,.elementor-image-gallery .gallery.gallery-columns-5 .gallery-item,.elementor-image-gallery .gallery.gallery-columns-6 .gallery-item,.elementor-image-gallery .gallery.gallery-columns-7 .gallery-item,.elementor-image-gallery .gallery.gallery-columns-8 .gallery-item,.elementor-image-gallery .gallery.gallery-columns-9 .gallery-item,.elementor-image-gallery .gallery.gallery-columns-10 .gallery-item{max-width:100%}}<\/style>\t\t<div class=\"elementor-image-gallery\">\n\t\t\t<div id='gallery-1' class='gallery galleryid-9938 gallery-columns-4 gallery-size-full'><figure class='gallery-item'>\n\t\t\t<div class='gallery-icon landscape'>\n\t\t\t\t<a data-elementor-open-lightbox=\"yes\" data-elementor-lightbox-slideshow=\"01f3e9a\" data-elementor-lightbox-title=\"00033\" data-e-action-hash=\"#elementor-action%3Aaction%3Dlightbox%26settings%3DeyJpZCI6MTAwMzEsInVybCI6Imh0dHBzOlwvXC93d3cuYWd0ZW5lcmppZWxla3RyaWsuY29tXC93cC1jb250ZW50XC91cGxvYWRzXC8yMDIzXC8wNlwvMDAwMzMuanBnIiwic2xpZGVzaG93IjoiMDFmM2U5YSJ9\" href='https:\/\/www.agtenerjielektrik.com\/wp-content\/uploads\/2023\/06\/00033.jpg'><img decoding=\"async\" width=\"350\" height=\"225\" src=\"https:\/\/www.agtenerjielektrik.com\/wp-content\/uploads\/2023\/06\/00033.jpg\" class=\"attachment-full size-full\" alt=\"\" srcset=\"https:\/\/www.agtenerjielektrik.com\/wp-content\/uploads\/2023\/06\/00033.jpg 350w, https:\/\/www.agtenerjielektrik.com\/wp-content\/uploads\/2023\/06\/00033-300x193.jpg 300w\" sizes=\"(max-width: 350px) 100vw, 350px\" \/><\/a>\n\t\t\t<\/div><\/figure><figure class='gallery-item'>\n\t\t\t<div class='gallery-icon landscape'>\n\t\t\t\t<a data-elementor-open-lightbox=\"yes\" data-elementor-lightbox-slideshow=\"01f3e9a\" data-elementor-lightbox-title=\"00034\" data-e-action-hash=\"#elementor-action%3Aaction%3Dlightbox%26settings%3DeyJpZCI6MTAwMzIsInVybCI6Imh0dHBzOlwvXC93d3cuYWd0ZW5lcmppZWxla3RyaWsuY29tXC93cC1jb250ZW50XC91cGxvYWRzXC8yMDIzXC8wNlwvMDAwMzQuanBnIiwic2xpZGVzaG93IjoiMDFmM2U5YSJ9\" href='https:\/\/www.agtenerjielektrik.com\/wp-content\/uploads\/2023\/06\/00034.jpg'><img decoding=\"async\" width=\"350\" height=\"225\" src=\"https:\/\/www.agtenerjielektrik.com\/wp-content\/uploads\/2023\/06\/00034.jpg\" class=\"attachment-full size-full\" alt=\"\" srcset=\"https:\/\/www.agtenerjielektrik.com\/wp-content\/uploads\/2023\/06\/00034.jpg 350w, https:\/\/www.agtenerjielektrik.com\/wp-content\/uploads\/2023\/06\/00034-300x193.jpg 300w\" sizes=\"(max-width: 350px) 100vw, 350px\" \/><\/a>\n\t\t\t<\/div><\/figure><figure class='gallery-item'>\n\t\t\t<div class='gallery-icon landscape'>\n\t\t\t\t<a data-elementor-open-lightbox=\"yes\" data-elementor-lightbox-slideshow=\"01f3e9a\" data-elementor-lightbox-title=\"00035\" data-e-action-hash=\"#elementor-action%3Aaction%3Dlightbox%26settings%3DeyJpZCI6MTAwMzMsInVybCI6Imh0dHBzOlwvXC93d3cuYWd0ZW5lcmppZWxla3RyaWsuY29tXC93cC1jb250ZW50XC91cGxvYWRzXC8yMDIzXC8wNlwvMDAwMzUuanBnIiwic2xpZGVzaG93IjoiMDFmM2U5YSJ9\" href='https:\/\/www.agtenerjielektrik.com\/wp-content\/uploads\/2023\/06\/00035.jpg'><img decoding=\"async\" width=\"350\" height=\"225\" src=\"https:\/\/www.agtenerjielektrik.com\/wp-content\/uploads\/2023\/06\/00035.jpg\" class=\"attachment-full size-full\" alt=\"\" srcset=\"https:\/\/www.agtenerjielektrik.com\/wp-content\/uploads\/2023\/06\/00035.jpg 350w, https:\/\/www.agtenerjielektrik.com\/wp-content\/uploads\/2023\/06\/00035-300x193.jpg 300w\" sizes=\"(max-width: 350px) 100vw, 350px\" \/><\/a>\n\t\t\t<\/div><\/figure><figure class='gallery-item'>\n\t\t\t<div class='gallery-icon landscape'>\n\t\t\t\t<a data-elementor-open-lightbox=\"yes\" data-elementor-lightbox-slideshow=\"01f3e9a\" data-elementor-lightbox-title=\"00036\" data-e-action-hash=\"#elementor-action%3Aaction%3Dlightbox%26settings%3DeyJpZCI6MTAwMzQsInVybCI6Imh0dHBzOlwvXC93d3cuYWd0ZW5lcmppZWxla3RyaWsuY29tXC93cC1jb250ZW50XC91cGxvYWRzXC8yMDIzXC8wNlwvMDAwMzYuanBnIiwic2xpZGVzaG93IjoiMDFmM2U5YSJ9\" href='https:\/\/www.agtenerjielektrik.com\/wp-content\/uploads\/2023\/06\/00036.jpg'><img decoding=\"async\" width=\"350\" height=\"225\" src=\"https:\/\/www.agtenerjielektrik.com\/wp-content\/uploads\/2023\/06\/00036.jpg\" class=\"attachment-full size-full\" alt=\"\" srcset=\"https:\/\/www.agtenerjielektrik.com\/wp-content\/uploads\/2023\/06\/00036.jpg 350w, https:\/\/www.agtenerjielektrik.com\/wp-content\/uploads\/2023\/06\/00036-300x193.jpg 300w\" sizes=\"(max-width: 350px) 100vw, 350px\" \/><\/a>\n\t\t\t<\/div><\/figure><figure class='gallery-item'>\n\t\t\t<div class='gallery-icon landscape'>\n\t\t\t\t<a data-elementor-open-lightbox=\"yes\" data-elementor-lightbox-slideshow=\"01f3e9a\" data-elementor-lightbox-title=\"00037\" data-e-action-hash=\"#elementor-action%3Aaction%3Dlightbox%26settings%3DeyJpZCI6MTAwMzUsInVybCI6Imh0dHBzOlwvXC93d3cuYWd0ZW5lcmppZWxla3RyaWsuY29tXC93cC1jb250ZW50XC91cGxvYWRzXC8yMDIzXC8wNlwvMDAwMzcuanBnIiwic2xpZGVzaG93IjoiMDFmM2U5YSJ9\" href='https:\/\/www.agtenerjielektrik.com\/wp-content\/uploads\/2023\/06\/00037.jpg'><img decoding=\"async\" width=\"350\" height=\"225\" src=\"https:\/\/www.agtenerjielektrik.com\/wp-content\/uploads\/2023\/06\/00037.jpg\" class=\"attachment-full size-full\" alt=\"\" srcset=\"https:\/\/www.agtenerjielektrik.com\/wp-content\/uploads\/2023\/06\/00037.jpg 350w, https:\/\/www.agtenerjielektrik.com\/wp-content\/uploads\/2023\/06\/00037-300x193.jpg 300w\" sizes=\"(max-width: 350px) 100vw, 350px\" \/><\/a>\n\t\t\t<\/div><\/figure><figure class='gallery-item'>\n\t\t\t<div class='gallery-icon landscape'>\n\t\t\t\t<a data-elementor-open-lightbox=\"yes\" data-elementor-lightbox-slideshow=\"01f3e9a\" data-elementor-lightbox-title=\"00038\" data-e-action-hash=\"#elementor-action%3Aaction%3Dlightbox%26settings%3DeyJpZCI6MTAwMzYsInVybCI6Imh0dHBzOlwvXC93d3cuYWd0ZW5lcmppZWxla3RyaWsuY29tXC93cC1jb250ZW50XC91cGxvYWRzXC8yMDIzXC8wNlwvMDAwMzguanBnIiwic2xpZGVzaG93IjoiMDFmM2U5YSJ9\" href='https:\/\/www.agtenerjielektrik.com\/wp-content\/uploads\/2023\/06\/00038.jpg'><img decoding=\"async\" width=\"350\" height=\"225\" src=\"https:\/\/www.agtenerjielektrik.com\/wp-content\/uploads\/2023\/06\/00038.jpg\" class=\"attachment-full size-full\" alt=\"\" srcset=\"https:\/\/www.agtenerjielektrik.com\/wp-content\/uploads\/2023\/06\/00038.jpg 350w, https:\/\/www.agtenerjielektrik.com\/wp-content\/uploads\/2023\/06\/00038-300x193.jpg 300w\" sizes=\"(max-width: 350px) 100vw, 350px\" \/><\/a>\n\t\t\t<\/div><\/figure><figure class='gallery-item'>\n\t\t\t<div class='gallery-icon landscape'>\n\t\t\t\t<a data-elementor-open-lightbox=\"yes\" data-elementor-lightbox-slideshow=\"01f3e9a\" data-elementor-lightbox-title=\"00039\" data-e-action-hash=\"#elementor-action%3Aaction%3Dlightbox%26settings%3DeyJpZCI6MTAwMzcsInVybCI6Imh0dHBzOlwvXC93d3cuYWd0ZW5lcmppZWxla3RyaWsuY29tXC93cC1jb250ZW50XC91cGxvYWRzXC8yMDIzXC8wNlwvMDAwMzkuanBnIiwic2xpZGVzaG93IjoiMDFmM2U5YSJ9\" href='https:\/\/www.agtenerjielektrik.com\/wp-content\/uploads\/2023\/06\/00039.jpg'><img decoding=\"async\" width=\"350\" height=\"225\" src=\"https:\/\/www.agtenerjielektrik.com\/wp-content\/uploads\/2023\/06\/00039.jpg\" class=\"attachment-full size-full\" alt=\"\" srcset=\"https:\/\/www.agtenerjielektrik.com\/wp-content\/uploads\/2023\/06\/00039.jpg 350w, https:\/\/www.agtenerjielektrik.com\/wp-content\/uploads\/2023\/06\/00039-300x193.jpg 300w\" sizes=\"(max-width: 350px) 100vw, 350px\" \/><\/a>\n\t\t\t<\/div><\/figure><figure class='gallery-item'>\n\t\t\t<div class='gallery-icon landscape'>\n\t\t\t\t<a data-elementor-open-lightbox=\"yes\" data-elementor-lightbox-slideshow=\"01f3e9a\" data-elementor-lightbox-title=\"00040\" data-e-action-hash=\"#elementor-action%3Aaction%3Dlightbox%26settings%3DeyJpZCI6MTAwMzgsInVybCI6Imh0dHBzOlwvXC93d3cuYWd0ZW5lcmppZWxla3RyaWsuY29tXC93cC1jb250ZW50XC91cGxvYWRzXC8yMDIzXC8wNlwvMDAwNDAuanBnIiwic2xpZGVzaG93IjoiMDFmM2U5YSJ9\" href='https:\/\/www.agtenerjielektrik.com\/wp-content\/uploads\/2023\/06\/00040.jpg'><img decoding=\"async\" width=\"350\" height=\"225\" src=\"https:\/\/www.agtenerjielektrik.com\/wp-content\/uploads\/2023\/06\/00040.jpg\" class=\"attachment-full size-full\" alt=\"\" srcset=\"https:\/\/www.agtenerjielektrik.com\/wp-content\/uploads\/2023\/06\/00040.jpg 350w, https:\/\/www.agtenerjielektrik.com\/wp-content\/uploads\/2023\/06\/00040-300x193.jpg 300w\" sizes=\"(max-width: 350px) 100vw, 350px\" \/><\/a>\n\t\t\t<\/div><\/figure><figure class='gallery-item'>\n\t\t\t<div class='gallery-icon landscape'>\n\t\t\t\t<a data-elementor-open-lightbox=\"yes\" data-elementor-lightbox-slideshow=\"01f3e9a\" data-elementor-lightbox-title=\"00041\" data-e-action-hash=\"#elementor-action%3Aaction%3Dlightbox%26settings%3DeyJpZCI6MTAwMzksInVybCI6Imh0dHBzOlwvXC93d3cuYWd0ZW5lcmppZWxla3RyaWsuY29tXC93cC1jb250ZW50XC91cGxvYWRzXC8yMDIzXC8wNlwvMDAwNDEuanBnIiwic2xpZGVzaG93IjoiMDFmM2U5YSJ9\" href='https:\/\/www.agtenerjielektrik.com\/wp-content\/uploads\/2023\/06\/00041.jpg'><img decoding=\"async\" width=\"350\" height=\"225\" src=\"https:\/\/www.agtenerjielektrik.com\/wp-content\/uploads\/2023\/06\/00041.jpg\" class=\"attachment-full size-full\" alt=\"\" srcset=\"https:\/\/www.agtenerjielektrik.com\/wp-content\/uploads\/2023\/06\/00041.jpg 350w, https:\/\/www.agtenerjielektrik.com\/wp-content\/uploads\/2023\/06\/00041-300x193.jpg 300w\" sizes=\"(max-width: 350px) 100vw, 350px\" \/><\/a>\n\t\t\t<\/div><\/figure>\n\t\t<\/div>\n\t\t<\/div>\n\t\t\t\t<\/div>\n\t\t\t\t<\/div>\n\t\t            <\/div>\n        <\/div>\n                            <\/div>\n        <\/section>\n        \t\t\t\t\t<\/div>\n\t\t","protected":false},"excerpt":{"rendered":"","protected":false},"author":1,"featured_media":0,"parent":9741,"menu_order":0,"comment_status":"closed","ping_status":"closed","template":"","meta":{"footnotes":""},"class_list":["post-9938","page","type-page","status-publish","hentry"],"_links":{"self":[{"href":"https:\/\/www.agtenerjielektrik.com\/index.php\/wp-json\/wp\/v2\/pages\/9938","targetHints":{"allow":["GET"]}}],"collection":[{"href":"https:\/\/www.agtenerjielektrik.com\/index.php\/wp-json\/wp\/v2\/pages"}],"about":[{"href":"https:\/\/www.agtenerjielektrik.com\/index.php\/wp-json\/wp\/v2\/types\/page"}],"author":[{"embeddable":true,"href":"https:\/\/www.agtenerjielektrik.com\/index.php\/wp-json\/wp\/v2\/users\/1"}],"replies":[{"embeddable":true,"href":"https:\/\/www.agtenerjielektrik.com\/index.php\/wp-json\/wp\/v2\/comments?post=9938"}],"version-history":[{"count":5,"href":"https:\/\/www.agtenerjielektrik.com\/index.php\/wp-json\/wp\/v2\/pages\/9938\/revisions"}],"predecessor-version":[{"id":10042,"href":"https:\/\/www.agtenerjielektrik.com\/index.php\/wp-json\/wp\/v2\/pages\/9938\/revisions\/10042"}],"up":[{"embeddable":true,"href":"https:\/\/www.agtenerjielektrik.com\/index.php\/wp-json\/wp\/v2\/pages\/9741"}],"wp:attachment":[{"href":"https:\/\/www.agtenerjielektrik.com\/index.php\/wp-json\/wp\/v2\/media?parent=9938"}],"curies":[{"name":"wp","href":"https:\/\/api.w.org\/{rel}","templated":true}]}}