{"id":9940,"date":"2023-06-06T09:45:48","date_gmt":"2023-06-06T09:45:48","guid":{"rendered":"https:\/\/alfayazilim.com.tr\/agt\/?page_id=9940"},"modified":"2023-06-06T11:39:19","modified_gmt":"2023-06-06T11:39:19","slug":"is-guvenligi","status":"publish","type":"page","link":"https:\/\/www.agtenerjielektrik.com\/index.php\/urunlerimiz\/is-guvenligi\/","title":{"rendered":"\u0130\u015f G\u00fcvenli\u011fi"},"content":{"rendered":"<h2>40kv izole hal\u0131<br \/>\n40Kv izole Eldiven<br \/>\n40Kv izole Sehpa<br \/>\n40Kv \u0130zole Manevra \u00c7ubu\u011fu<br \/>\nHat Topraklama Teczizat\u0131<\/h2>\n","protected":false},"excerpt":{"rendered":"<p>40kv izole hal\u0131 40Kv izole Eldiven 40Kv izole Sehpa 40Kv \u0130zole Manevra \u00c7ubu\u011fu Hat Topraklama Teczizat\u0131<\/p>\n","protected":false},"author":1,"featured_media":0,"parent":9741,"menu_order":0,"comment_status":"closed","ping_status":"closed","template":"","meta":{"footnotes":""},"class_list":["post-9940","page","type-page","status-publish","hentry"],"_links":{"self":[{"href":"https:\/\/www.agtenerjielektrik.com\/index.php\/wp-json\/wp\/v2\/pages\/9940","targetHints":{"allow":["GET"]}}],"collection":[{"href":"https:\/\/www.agtenerjielektrik.com\/index.php\/wp-json\/wp\/v2\/pages"}],"about":[{"href":"https:\/\/www.agtenerjielektrik.com\/index.php\/wp-json\/wp\/v2\/types\/page"}],"author":[{"embeddable":true,"href":"https:\/\/www.agtenerjielektrik.com\/index.php\/wp-json\/wp\/v2\/users\/1"}],"replies":[{"embeddable":true,"href":"https:\/\/www.agtenerjielektrik.com\/index.php\/wp-json\/wp\/v2\/comments?post=9940"}],"version-history":[{"count":2,"href":"https:\/\/www.agtenerjielektrik.com\/index.php\/wp-json\/wp\/v2\/pages\/9940\/revisions"}],"predecessor-version":[{"id":10043,"href":"https:\/\/www.agtenerjielektrik.com\/index.php\/wp-json\/wp\/v2\/pages\/9940\/revisions\/10043"}],"up":[{"embeddable":true,"href":"https:\/\/www.agtenerjielektrik.com\/index.php\/wp-json\/wp\/v2\/pages\/9741"}],"wp:attachment":[{"href":"https:\/\/www.agtenerjielektrik.com\/index.php\/wp-json\/wp\/v2\/media?parent=9940"}],"curies":[{"name":"wp","href":"https:\/\/api.w.org\/{rel}","templated":true}]}}